{"id":57,"date":"2015-04-29T08:28:25","date_gmt":"2015-04-29T06:28:25","guid":{"rendered":"https:\/\/gdf-hessen.de\/wp\/?page_id=57"},"modified":"2026-01-08T12:42:37","modified_gmt":"2026-01-08T10:42:37","slug":"ingrid-froehlich","status":"publish","type":"page","link":"https:\/\/gdf-hessen.de\/?page_id=57","title":{"rendered":"Ingrid Fr\u00f6hlich"},"content":{"rendered":"<p>[et_pb_section fb_built=&#8220;1&#8243; _builder_version=&#8220;4.16&#8243; global_colors_info=&#8220;{}&#8220;][et_pb_row _builder_version=&#8220;4.16&#8243; background_size=&#8220;initial&#8220; background_position=&#8220;top_left&#8220; background_repeat=&#8220;repeat&#8220; global_colors_info=&#8220;{}&#8220;][et_pb_column type=&#8220;4_4&#8243; _builder_version=&#8220;4.16&#8243; custom_padding=&#8220;|||&#8220; global_colors_info=&#8220;{}&#8220; custom_padding__hover=&#8220;|||&#8220;][et_pb_text _builder_version=&#8220;4.27.5&#8243; background_size=&#8220;initial&#8220; background_position=&#8220;top_left&#8220; background_repeat=&#8220;repeat&#8220; hover_enabled=&#8220;0&#8243; global_colors_info=&#8220;{}&#8220; sticky_enabled=&#8220;0&#8243;]<\/p>\n<p><img loading=\"lazy\" decoding=\"async\" src=\"https:\/\/gdf-hessen.de\/wp-content\/uploads\/2015\/04\/16-57-page\/Ingrid-Fro\u0308hlich.jpg\" alt=\"\" class=\"wp-image-188 alignleft size-full\" width=\"107\" height=\"160\" \/>wurde 1936 in Mecklenburg geboren und besuchte dort verschiedene Schulen bis zum Abitur.Das Studium der Pharmazie wurde in Greifswald mit dem Staatsexamen abgeschlossen.<br \/>Seit 1976 wohnt sie mit einer berufsbedingten Unterbrechung von 5 Jahren in Eppstein. W\u00e4hrend des Aufenthaltes in den Niederlanden nahm sie an mehreren Kursen f\u00fcr Schwarz\/Wei\u00dffotografie teil und entdeckte dabei ihr zuk\u00fcnftiges Hobby. Bald r\u00fcckte die Farbfotografie in den Vordergrund, und seit 2006 ist digitale Fotografie und Bearbeitung am Computer angesagt.<br \/>Ihre Vorliebe gilt einerseits der Reisefotografie \u00a0mit Landschaften und Portraits und andererseits den Pflanzen,besonders im Makrobereich. Seit 2006 geh\u00f6rt sie zu den Gr\u00fcndungsmitgliedern der Gesellschaft digitale Fotografie e.V.<\/p>\n<p>email: ingrid.froehlich@gdf-hessen.de<\/p>\n<style type=\"text\/css\">\n#foogallery-gallery-1653 .fg-image { width: 900px; }<\/style>\n\t\t\t<div class=\"foogallery foogallery-container foogallery-image-viewer foogallery-link-image foogallery-lightbox-foobox fg-center fg-image-viewer fg-ready fg-dark fg-border-medium fg-round-small fg-shadow-outline fg-loading-default fg-loaded-fade-in fg-caption-hover fg-hover-fade fg-hover-zoom\" id=\"foogallery-gallery-1653\" data-foogallery=\"{&quot;item&quot;:{&quot;showCaptionTitle&quot;:true,&quot;showCaptionDescription&quot;:true},&quot;lazy&quot;:true,&quot;template&quot;:{&quot;loop&quot;:true}}\" style=\"--fg-title-line-clamp: 0; --fg-description-line-clamp: 0;\" >\n\t<div class=\"fiv-inner\">\n\t\t<div class=\"fiv-inner-container\">\n\t\t\t<div class=\"fg-item fg-type-image fg-idle\"><figure class=\"fg-item-inner\"><a href=\"https:\/\/gdf-hessen.de\/wp-content\/uploads\/2019\/10\/Ingrid__3837.jpg\" data-attachment-id=\"1654\" data-type=\"image\" class=\"fg-thumb\"><span class=\"fg-image-wrap\"><img fetchpriority=\"high\" decoding=\"async\" width=\"900\" height=\"600\" class=\"skip-lazy fg-image\" data-src-fg=\"https:\/\/gdf-hessen.de\/wp-content\/uploads\/2019\/10\/Ingrid__3837.jpg\" src=\"data:image\/svg+xml,%3Csvg%20xmlns%3D%22http%3A%2F%2Fwww.w3.org%2F2000%2Fsvg%22%20width%3D%22900%22%20height%3D%22600%22%20viewBox%3D%220%200%20900%20600%22%3E%3C%2Fsvg%3E\" loading=\"eager\"><\/span><span class=\"fg-image-overlay\"><\/span><\/a><\/figure><div class=\"fg-loader\"><\/div><\/div><div class=\"fg-item fg-type-image fg-idle\"><figure class=\"fg-item-inner\"><a href=\"https:\/\/gdf-hessen.de\/wp-content\/uploads\/2019\/10\/Ingrid__3864.jpg\" data-attachment-id=\"1655\" data-type=\"image\" class=\"fg-thumb\"><span class=\"fg-image-wrap\"><img decoding=\"async\" width=\"900\" height=\"600\" class=\"skip-lazy fg-image\" data-src-fg=\"https:\/\/gdf-hessen.de\/wp-content\/uploads\/2019\/10\/Ingrid__3864.jpg\" src=\"data:image\/svg+xml,%3Csvg%20xmlns%3D%22http%3A%2F%2Fwww.w3.org%2F2000%2Fsvg%22%20width%3D%22900%22%20height%3D%22600%22%20viewBox%3D%220%200%20900%20600%22%3E%3C%2Fsvg%3E\" loading=\"eager\"><\/span><span class=\"fg-image-overlay\"><\/span><\/a><\/figure><div class=\"fg-loader\"><\/div><\/div><div class=\"fg-item fg-type-image fg-idle\"><figure class=\"fg-item-inner\"><a href=\"https:\/\/gdf-hessen.de\/wp-content\/uploads\/2019\/10\/Ingrid__4004.jpg\" data-attachment-id=\"1656\" data-type=\"image\" class=\"fg-thumb\"><span class=\"fg-image-wrap\"><img decoding=\"async\" width=\"900\" height=\"600\" class=\"skip-lazy fg-image\" data-src-fg=\"https:\/\/gdf-hessen.de\/wp-content\/uploads\/2019\/10\/Ingrid__4004.jpg\" src=\"data:image\/svg+xml,%3Csvg%20xmlns%3D%22http%3A%2F%2Fwww.w3.org%2F2000%2Fsvg%22%20width%3D%22900%22%20height%3D%22600%22%20viewBox%3D%220%200%20900%20600%22%3E%3C%2Fsvg%3E\" loading=\"eager\"><\/span><span class=\"fg-image-overlay\"><\/span><\/a><\/figure><div class=\"fg-loader\"><\/div><\/div><div class=\"fg-item fg-type-image fg-idle\"><figure class=\"fg-item-inner\"><a href=\"https:\/\/gdf-hessen.de\/wp-content\/uploads\/2019\/10\/Ingrid__1060562.jpg\" data-attachment-id=\"1657\" data-type=\"image\" class=\"fg-thumb\"><span class=\"fg-image-wrap\"><img decoding=\"async\" width=\"900\" height=\"600\" class=\"skip-lazy fg-image\" data-src-fg=\"https:\/\/gdf-hessen.de\/wp-content\/uploads\/2019\/10\/Ingrid__1060562.jpg\" src=\"data:image\/svg+xml,%3Csvg%20xmlns%3D%22http%3A%2F%2Fwww.w3.org%2F2000%2Fsvg%22%20width%3D%22900%22%20height%3D%22600%22%20viewBox%3D%220%200%20900%20600%22%3E%3C%2Fsvg%3E\" loading=\"eager\"><\/span><span class=\"fg-image-overlay\"><\/span><\/a><\/figure><div class=\"fg-loader\"><\/div><\/div><div class=\"fg-item fg-type-image fg-idle\"><figure class=\"fg-item-inner\"><a href=\"https:\/\/gdf-hessen.de\/wp-content\/uploads\/2019\/10\/Ingrid__1060592.jpg\" data-attachment-id=\"1658\" data-type=\"image\" class=\"fg-thumb\"><span class=\"fg-image-wrap\"><img decoding=\"async\" width=\"900\" height=\"600\" class=\"skip-lazy fg-image\" data-src-fg=\"https:\/\/gdf-hessen.de\/wp-content\/uploads\/2019\/10\/Ingrid__1060592.jpg\" src=\"data:image\/svg+xml,%3Csvg%20xmlns%3D%22http%3A%2F%2Fwww.w3.org%2F2000%2Fsvg%22%20width%3D%22900%22%20height%3D%22600%22%20viewBox%3D%220%200%20900%20600%22%3E%3C%2Fsvg%3E\" loading=\"eager\"><\/span><span class=\"fg-image-overlay\"><\/span><\/a><\/figure><div class=\"fg-loader\"><\/div><\/div><div class=\"fg-item fg-type-image fg-idle\"><figure class=\"fg-item-inner\"><a href=\"https:\/\/gdf-hessen.de\/wp-content\/uploads\/2019\/10\/Ingrid__1060628.jpg\" data-attachment-id=\"1659\" data-type=\"image\" class=\"fg-thumb\"><span class=\"fg-image-wrap\"><img decoding=\"async\" width=\"900\" height=\"600\" class=\"skip-lazy fg-image\" data-src-fg=\"https:\/\/gdf-hessen.de\/wp-content\/uploads\/2019\/10\/Ingrid__1060628.jpg\" src=\"data:image\/svg+xml,%3Csvg%20xmlns%3D%22http%3A%2F%2Fwww.w3.org%2F2000%2Fsvg%22%20width%3D%22900%22%20height%3D%22600%22%20viewBox%3D%220%200%20900%20600%22%3E%3C%2Fsvg%3E\" loading=\"eager\"><\/span><span class=\"fg-image-overlay\"><\/span><\/a><\/figure><div class=\"fg-loader\"><\/div><\/div><div class=\"fg-item fg-type-image fg-idle\"><figure class=\"fg-item-inner\"><a href=\"https:\/\/gdf-hessen.de\/wp-content\/uploads\/2019\/10\/Ingrid_01_2840.jpg\" data-attachment-id=\"1660\" data-type=\"image\" class=\"fg-thumb\"><span class=\"fg-image-wrap\"><img decoding=\"async\" width=\"900\" height=\"600\" class=\"skip-lazy fg-image\" data-src-fg=\"https:\/\/gdf-hessen.de\/wp-content\/uploads\/2019\/10\/Ingrid_01_2840.jpg\" src=\"data:image\/svg+xml,%3Csvg%20xmlns%3D%22http%3A%2F%2Fwww.w3.org%2F2000%2Fsvg%22%20width%3D%22900%22%20height%3D%22600%22%20viewBox%3D%220%200%20900%20600%22%3E%3C%2Fsvg%3E\" loading=\"eager\"><\/span><span class=\"fg-image-overlay\"><\/span><\/a><\/figure><div class=\"fg-loader\"><\/div><\/div><div class=\"fg-item fg-type-image fg-idle\"><figure class=\"fg-item-inner\"><a href=\"https:\/\/gdf-hessen.de\/wp-content\/uploads\/2019\/10\/Ingrid_02_2877.jpg\" data-attachment-id=\"1661\" data-type=\"image\" class=\"fg-thumb\"><span class=\"fg-image-wrap\"><img decoding=\"async\" width=\"900\" height=\"600\" class=\"skip-lazy fg-image\" data-src-fg=\"https:\/\/gdf-hessen.de\/wp-content\/uploads\/2019\/10\/Ingrid_02_2877.jpg\" src=\"data:image\/svg+xml,%3Csvg%20xmlns%3D%22http%3A%2F%2Fwww.w3.org%2F2000%2Fsvg%22%20width%3D%22900%22%20height%3D%22600%22%20viewBox%3D%220%200%20900%20600%22%3E%3C%2Fsvg%3E\" loading=\"eager\"><\/span><span class=\"fg-image-overlay\"><\/span><\/a><\/figure><div class=\"fg-loader\"><\/div><\/div><div class=\"fg-item fg-type-image fg-idle\"><figure class=\"fg-item-inner\"><a href=\"https:\/\/gdf-hessen.de\/wp-content\/uploads\/2019\/10\/Ingrid_03_2904.jpg\" data-attachment-id=\"1662\" data-type=\"image\" class=\"fg-thumb\"><span class=\"fg-image-wrap\"><img decoding=\"async\" width=\"900\" height=\"600\" class=\"skip-lazy fg-image\" data-src-fg=\"https:\/\/gdf-hessen.de\/wp-content\/uploads\/2019\/10\/Ingrid_03_2904.jpg\" src=\"data:image\/svg+xml,%3Csvg%20xmlns%3D%22http%3A%2F%2Fwww.w3.org%2F2000%2Fsvg%22%20width%3D%22900%22%20height%3D%22600%22%20viewBox%3D%220%200%20900%20600%22%3E%3C%2Fsvg%3E\" loading=\"eager\"><\/span><span class=\"fg-image-overlay\"><\/span><\/a><\/figure><div class=\"fg-loader\"><\/div><\/div><div class=\"fg-item fg-type-image fg-idle\"><figure class=\"fg-item-inner\"><a href=\"https:\/\/gdf-hessen.de\/wp-content\/uploads\/2019\/10\/Ingrid_04_4047.jpg\" data-attachment-id=\"1663\" data-type=\"image\" class=\"fg-thumb\"><span class=\"fg-image-wrap\"><img decoding=\"async\" width=\"900\" height=\"600\" class=\"skip-lazy fg-image\" data-src-fg=\"https:\/\/gdf-hessen.de\/wp-content\/uploads\/2019\/10\/Ingrid_04_4047.jpg\" src=\"data:image\/svg+xml,%3Csvg%20xmlns%3D%22http%3A%2F%2Fwww.w3.org%2F2000%2Fsvg%22%20width%3D%22900%22%20height%3D%22600%22%20viewBox%3D%220%200%20900%20600%22%3E%3C%2Fsvg%3E\" loading=\"eager\"><\/span><span class=\"fg-image-overlay\"><\/span><\/a><\/figure><div class=\"fg-loader\"><\/div><\/div><div class=\"fg-item fg-type-image fg-idle\"><figure class=\"fg-item-inner\"><a href=\"https:\/\/gdf-hessen.de\/wp-content\/uploads\/2019\/10\/Ingrid_05_4061_01.jpg\" data-attachment-id=\"1664\" data-type=\"image\" class=\"fg-thumb\"><span class=\"fg-image-wrap\"><img decoding=\"async\" width=\"900\" height=\"600\" class=\"skip-lazy fg-image\" data-src-fg=\"https:\/\/gdf-hessen.de\/wp-content\/uploads\/2019\/10\/Ingrid_05_4061_01.jpg\" src=\"data:image\/svg+xml,%3Csvg%20xmlns%3D%22http%3A%2F%2Fwww.w3.org%2F2000%2Fsvg%22%20width%3D%22900%22%20height%3D%22600%22%20viewBox%3D%220%200%20900%20600%22%3E%3C%2Fsvg%3E\" loading=\"eager\"><\/span><span class=\"fg-image-overlay\"><\/span><\/a><\/figure><div class=\"fg-loader\"><\/div><\/div><div class=\"fg-item fg-type-image fg-idle\"><figure class=\"fg-item-inner\"><a href=\"https:\/\/gdf-hessen.de\/wp-content\/uploads\/2019\/10\/Ingrid_07_3769.jpg\" data-attachment-id=\"1665\" data-type=\"image\" class=\"fg-thumb\"><span class=\"fg-image-wrap\"><img decoding=\"async\" width=\"900\" height=\"600\" class=\"skip-lazy fg-image\" data-src-fg=\"https:\/\/gdf-hessen.de\/wp-content\/uploads\/2019\/10\/Ingrid_07_3769.jpg\" src=\"data:image\/svg+xml,%3Csvg%20xmlns%3D%22http%3A%2F%2Fwww.w3.org%2F2000%2Fsvg%22%20width%3D%22900%22%20height%3D%22600%22%20viewBox%3D%220%200%20900%20600%22%3E%3C%2Fsvg%3E\" loading=\"eager\"><\/span><span class=\"fg-image-overlay\"><\/span><\/a><\/figure><div class=\"fg-loader\"><\/div><\/div><div class=\"fg-item fg-type-image fg-idle\"><figure class=\"fg-item-inner\"><a href=\"https:\/\/gdf-hessen.de\/wp-content\/uploads\/2019\/10\/Ingrid_09_3877.jpg\" data-attachment-id=\"1666\" data-type=\"image\" class=\"fg-thumb\"><span class=\"fg-image-wrap\"><img decoding=\"async\" width=\"900\" height=\"600\" class=\"skip-lazy fg-image\" data-src-fg=\"https:\/\/gdf-hessen.de\/wp-content\/uploads\/2019\/10\/Ingrid_09_3877.jpg\" src=\"data:image\/svg+xml,%3Csvg%20xmlns%3D%22http%3A%2F%2Fwww.w3.org%2F2000%2Fsvg%22%20width%3D%22900%22%20height%3D%22600%22%20viewBox%3D%220%200%20900%20600%22%3E%3C%2Fsvg%3E\" loading=\"eager\"><\/span><span class=\"fg-image-overlay\"><\/span><\/a><\/figure><div class=\"fg-loader\"><\/div><\/div><div class=\"fg-item fg-type-image fg-idle\"><figure class=\"fg-item-inner\"><a href=\"https:\/\/gdf-hessen.de\/wp-content\/uploads\/2019\/10\/Ingrid_10_2256.jpg\" data-attachment-id=\"1667\" data-type=\"image\" class=\"fg-thumb\"><span class=\"fg-image-wrap\"><img decoding=\"async\" width=\"900\" height=\"600\" class=\"skip-lazy fg-image\" data-src-fg=\"https:\/\/gdf-hessen.de\/wp-content\/uploads\/2019\/10\/Ingrid_10_2256.jpg\" src=\"data:image\/svg+xml,%3Csvg%20xmlns%3D%22http%3A%2F%2Fwww.w3.org%2F2000%2Fsvg%22%20width%3D%22900%22%20height%3D%22600%22%20viewBox%3D%220%200%20900%20600%22%3E%3C%2Fsvg%3E\" loading=\"eager\"><\/span><span class=\"fg-image-overlay\"><\/span><\/a><\/figure><div class=\"fg-loader\"><\/div><\/div><div class=\"fg-item fg-type-image fg-idle\"><figure class=\"fg-item-inner\"><a href=\"https:\/\/gdf-hessen.de\/wp-content\/uploads\/2019\/10\/Ingrid_11_2361.jpg\" data-attachment-id=\"1668\" data-type=\"image\" class=\"fg-thumb\"><span class=\"fg-image-wrap\"><img decoding=\"async\" width=\"900\" height=\"600\" class=\"skip-lazy fg-image\" data-src-fg=\"https:\/\/gdf-hessen.de\/wp-content\/uploads\/cache\/2019\/10\/Ingrid_11_2361\/2452689128.jpg\" src=\"data:image\/svg+xml,%3Csvg%20xmlns%3D%22http%3A%2F%2Fwww.w3.org%2F2000%2Fsvg%22%20width%3D%22900%22%20height%3D%22600%22%20viewBox%3D%220%200%20900%20600%22%3E%3C%2Fsvg%3E\" loading=\"eager\"><\/span><span class=\"fg-image-overlay\"><\/span><\/a><\/figure><div class=\"fg-loader\"><\/div><\/div><div class=\"fg-item fg-type-image fg-idle\"><figure class=\"fg-item-inner\"><a href=\"https:\/\/gdf-hessen.de\/wp-content\/uploads\/2019\/10\/Ingrid_12_2263.jpg\" data-attachment-id=\"1669\" data-type=\"image\" class=\"fg-thumb\"><span class=\"fg-image-wrap\"><img decoding=\"async\" width=\"900\" height=\"600\" class=\"skip-lazy fg-image\" data-src-fg=\"https:\/\/gdf-hessen.de\/wp-content\/uploads\/2019\/10\/Ingrid_12_2263.jpg\" src=\"data:image\/svg+xml,%3Csvg%20xmlns%3D%22http%3A%2F%2Fwww.w3.org%2F2000%2Fsvg%22%20width%3D%22900%22%20height%3D%22600%22%20viewBox%3D%220%200%20900%20600%22%3E%3C%2Fsvg%3E\" loading=\"eager\"><\/span><span class=\"fg-image-overlay\"><\/span><\/a><\/figure><div class=\"fg-loader\"><\/div><\/div><div class=\"fg-item fg-type-image fg-idle\"><figure class=\"fg-item-inner\"><a href=\"https:\/\/gdf-hessen.de\/wp-content\/uploads\/2019\/10\/Ingrid_13_2265.jpg\" data-attachment-id=\"1670\" data-type=\"image\" class=\"fg-thumb\"><span class=\"fg-image-wrap\"><img decoding=\"async\" width=\"900\" height=\"600\" class=\"skip-lazy fg-image\" data-src-fg=\"https:\/\/gdf-hessen.de\/wp-content\/uploads\/2019\/10\/Ingrid_13_2265.jpg\" src=\"data:image\/svg+xml,%3Csvg%20xmlns%3D%22http%3A%2F%2Fwww.w3.org%2F2000%2Fsvg%22%20width%3D%22900%22%20height%3D%22600%22%20viewBox%3D%220%200%20900%20600%22%3E%3C%2Fsvg%3E\" loading=\"eager\"><\/span><span class=\"fg-image-overlay\"><\/span><\/a><\/figure><div class=\"fg-loader\"><\/div><\/div><div class=\"fg-item fg-type-image fg-idle\"><figure class=\"fg-item-inner\"><a href=\"https:\/\/gdf-hessen.de\/wp-content\/uploads\/2019\/10\/Ingrid_14_3096_01.jpg\" data-attachment-id=\"1671\" data-type=\"image\" class=\"fg-thumb\"><span class=\"fg-image-wrap\"><img decoding=\"async\" width=\"900\" height=\"600\" class=\"skip-lazy fg-image\" data-src-fg=\"https:\/\/gdf-hessen.de\/wp-content\/uploads\/cache\/2019\/10\/Ingrid_14_3096_01\/1322405353.jpg\" src=\"data:image\/svg+xml,%3Csvg%20xmlns%3D%22http%3A%2F%2Fwww.w3.org%2F2000%2Fsvg%22%20width%3D%22900%22%20height%3D%22600%22%20viewBox%3D%220%200%20900%20600%22%3E%3C%2Fsvg%3E\" loading=\"eager\"><\/span><span class=\"fg-image-overlay\"><\/span><\/a><\/figure><div class=\"fg-loader\"><\/div><\/div><div class=\"fg-item fg-type-image fg-idle\"><figure class=\"fg-item-inner\"><a href=\"https:\/\/gdf-hessen.de\/wp-content\/uploads\/2019\/10\/Ingrid_15_3532.jpg\" data-attachment-id=\"1672\" data-type=\"image\" class=\"fg-thumb\"><span class=\"fg-image-wrap\"><img decoding=\"async\" width=\"900\" height=\"600\" class=\"skip-lazy fg-image\" data-src-fg=\"https:\/\/gdf-hessen.de\/wp-content\/uploads\/cache\/2019\/10\/Ingrid_15_3532\/3340677112.jpg\" src=\"data:image\/svg+xml,%3Csvg%20xmlns%3D%22http%3A%2F%2Fwww.w3.org%2F2000%2Fsvg%22%20width%3D%22900%22%20height%3D%22600%22%20viewBox%3D%220%200%20900%20600%22%3E%3C%2Fsvg%3E\" loading=\"eager\"><\/span><span class=\"fg-image-overlay\"><\/span><\/a><\/figure><div class=\"fg-loader\"><\/div><\/div><div class=\"fg-item fg-type-image fg-idle\"><figure class=\"fg-item-inner\"><a href=\"https:\/\/gdf-hessen.de\/wp-content\/uploads\/2019\/10\/Ingrid_16_3947.jpg\" data-attachment-id=\"1673\" data-type=\"image\" class=\"fg-thumb\"><span class=\"fg-image-wrap\"><img decoding=\"async\" width=\"900\" height=\"600\" class=\"skip-lazy fg-image\" data-src-fg=\"https:\/\/gdf-hessen.de\/wp-content\/uploads\/2019\/10\/Ingrid_16_3947.jpg\" src=\"data:image\/svg+xml,%3Csvg%20xmlns%3D%22http%3A%2F%2Fwww.w3.org%2F2000%2Fsvg%22%20width%3D%22900%22%20height%3D%22600%22%20viewBox%3D%220%200%20900%20600%22%3E%3C%2Fsvg%3E\" loading=\"eager\"><\/span><span class=\"fg-image-overlay\"><\/span><\/a><\/figure><div class=\"fg-loader\"><\/div><\/div><div class=\"fg-item fg-type-image fg-idle\"><figure class=\"fg-item-inner\"><a href=\"https:\/\/gdf-hessen.de\/wp-content\/uploads\/2019\/10\/Ingrid_17_3983.jpg\" data-attachment-id=\"1674\" data-type=\"image\" class=\"fg-thumb\"><span class=\"fg-image-wrap\"><img decoding=\"async\" width=\"900\" height=\"600\" class=\"skip-lazy fg-image\" data-src-fg=\"https:\/\/gdf-hessen.de\/wp-content\/uploads\/2019\/10\/Ingrid_17_3983.jpg\" src=\"data:image\/svg+xml,%3Csvg%20xmlns%3D%22http%3A%2F%2Fwww.w3.org%2F2000%2Fsvg%22%20width%3D%22900%22%20height%3D%22600%22%20viewBox%3D%220%200%20900%20600%22%3E%3C%2Fsvg%3E\" loading=\"eager\"><\/span><span class=\"fg-image-overlay\"><\/span><\/a><\/figure><div class=\"fg-loader\"><\/div><\/div><div class=\"fg-item fg-type-image fg-idle\"><figure class=\"fg-item-inner\"><a href=\"https:\/\/gdf-hessen.de\/wp-content\/uploads\/2019\/10\/Ingrid_18_3972.jpg\" data-attachment-id=\"1675\" data-type=\"image\" class=\"fg-thumb\"><span class=\"fg-image-wrap\"><img decoding=\"async\" width=\"900\" height=\"600\" class=\"skip-lazy fg-image\" data-src-fg=\"https:\/\/gdf-hessen.de\/wp-content\/uploads\/2019\/10\/Ingrid_18_3972.jpg\" src=\"data:image\/svg+xml,%3Csvg%20xmlns%3D%22http%3A%2F%2Fwww.w3.org%2F2000%2Fsvg%22%20width%3D%22900%22%20height%3D%22600%22%20viewBox%3D%220%200%20900%20600%22%3E%3C%2Fsvg%3E\" loading=\"eager\"><\/span><span class=\"fg-image-overlay\"><\/span><\/a><\/figure><div class=\"fg-loader\"><\/div><\/div><div class=\"fg-item fg-type-image fg-idle\"><figure class=\"fg-item-inner\"><a href=\"https:\/\/gdf-hessen.de\/wp-content\/uploads\/2019\/10\/Ingrid_19_1060566.jpg\" data-attachment-id=\"1676\" data-type=\"image\" class=\"fg-thumb\"><span class=\"fg-image-wrap\"><img decoding=\"async\" width=\"900\" height=\"600\" class=\"skip-lazy fg-image\" data-src-fg=\"https:\/\/gdf-hessen.de\/wp-content\/uploads\/2019\/10\/Ingrid_19_1060566.jpg\" src=\"data:image\/svg+xml,%3Csvg%20xmlns%3D%22http%3A%2F%2Fwww.w3.org%2F2000%2Fsvg%22%20width%3D%22900%22%20height%3D%22600%22%20viewBox%3D%220%200%20900%20600%22%3E%3C%2Fsvg%3E\" loading=\"eager\"><\/span><span class=\"fg-image-overlay\"><\/span><\/a><\/figure><div class=\"fg-loader\"><\/div><\/div><div class=\"fg-item fg-type-image fg-idle\"><figure class=\"fg-item-inner\"><a href=\"https:\/\/gdf-hessen.de\/wp-content\/uploads\/2019\/10\/Ingrid_22_1060683.jpg\" data-attachment-id=\"1677\" data-type=\"image\" class=\"fg-thumb\"><span class=\"fg-image-wrap\"><img decoding=\"async\" width=\"900\" height=\"600\" class=\"skip-lazy fg-image\" data-src-fg=\"https:\/\/gdf-hessen.de\/wp-content\/uploads\/2019\/10\/Ingrid_22_1060683.jpg\" src=\"data:image\/svg+xml,%3Csvg%20xmlns%3D%22http%3A%2F%2Fwww.w3.org%2F2000%2Fsvg%22%20width%3D%22900%22%20height%3D%22600%22%20viewBox%3D%220%200%20900%20600%22%3E%3C%2Fsvg%3E\" loading=\"eager\"><\/span><span class=\"fg-image-overlay\"><\/span><\/a><\/figure><div class=\"fg-loader\"><\/div><\/div>\t\t<\/div>\n\t\t<div class=\"fiv-ctrls\">\n\t\t\t<button type=\"button\" class=\"fiv-prev\" title=\"Zur\u00fcck\"><span>Zur\u00fcck<\/span><\/button>\n\t\t\t<label class=\"fiv-count\"><span class=\"fiv-count-current\">1<\/span>von<span class=\"fiv-count-total\">24<\/span><\/label>\n\t\t\t<button type=\"button\" class=\"fiv-next\" title=\"Vor\"><span>Vor<\/span><\/button>\n\t\t<\/div>\n\t<\/div>\n<\/div>\n<p><img decoding=\"async\" id=\"pp-slideshow-1431792247\" class=\"pp-slideshow-placeholder pp-gallery-placeholder slideshow-1431792247 mceItem\" style=\"display: none;\" src=\"https:\/\/gdf-hessen.de\/content\/uploads\/pp\/placeholders\/slideshow-placeholder-1431792247.jpg\" alt=\"\" \/><\/p>\n<p>[\/et_pb_text][\/et_pb_column][\/et_pb_row][\/et_pb_section]<\/p>\n","protected":false},"excerpt":{"rendered":"<p>wurde 1936 in Mecklenburg geboren und besuchte dort verschiedene Schulen bis zum Abitur.Das Studium der Pharmazie wurde in Greifswald mit dem Staatsexamen abgeschlossen.Seit 1976 wohnt sie mit einer berufsbedingten Unterbrechung von 5 Jahren in Eppstein. W\u00e4hrend des Aufenthaltes in den Niederlanden nahm sie an mehreren Kursen f\u00fcr Schwarz\/Wei\u00dffotografie teil und entdeckte dabei ihr zuk\u00fcnftiges Hobby. [&hellip;]<\/p>\n","protected":false},"author":1,"featured_media":0,"parent":0,"menu_order":0,"comment_status":"open","ping_status":"open","template":"","meta":{"_et_pb_use_builder":"on","_et_pb_old_content":"<p><img class=\" wp-image-90 alignleft\" src=\"https:\/\/gdf-hessen.de\/content\/uploads\/2015\/04\/29-57-page\/Froehlich_001.jpg\" alt=\"\" width=\"109\" height=\"174\" \/>wurde 1936 in Mecklenburg geboren und besuchte dort verschiedene Schulen bis zum Abitur.Das Studium der Pharmazie wurde in Greifswald mit dem Staatsexamen abgeschlossen.<br \/>Seit 1976 wohnt sie mit einer berufsbedingten Unterbrechung von 5 Jahren in Eppstein. W\u00e4hrend des Aufenthaltes in den Niederlanden nahm sie an mehreren Kursen f\u00fcr Schwarz\/Wei\u00dffotografie teil und entdeckte dabei ihr zuk\u00fcnftiges Hobby. Bald r\u00fcckte die Farbfotografie in den Vordergrund, und seit 2006 ist digitale Fotografie und Bearbeitung am Computer angesagt.<br \/>Ihre Vorliebe gilt einerseits der Reisefotografie \u00a0mit Landschaften und Portraits und andererseits den Pflanzen,besonders im Makrobereich. Seit 2006 geh\u00f6rt sie zu den Gr\u00fcndungsmitgliedern der Gesellschaft digitale Fotografie e.V.<\/p><p>email: ingrid.froehlich@gdf-hessen.de<\/p><p>[foogallery id=\"1653\"]<\/p><p><img id=\"pp-slideshow-1431792247\" class=\"pp-slideshow-placeholder pp-gallery-placeholder slideshow-1431792247 mceItem\" style=\"display: none;\" src=\"https:\/\/gdf-hessen.de\/content\/uploads\/pp\/placeholders\/slideshow-placeholder-1431792247.jpg\" alt=\"\" \/><\/p>","_et_gb_content_width":"","footnotes":""},"class_list":["post-57","page","type-page","status-publish","hentry"],"_links":{"self":[{"href":"https:\/\/gdf-hessen.de\/index.php?rest_route=\/wp\/v2\/pages\/57","targetHints":{"allow":["GET"]}}],"collection":[{"href":"https:\/\/gdf-hessen.de\/index.php?rest_route=\/wp\/v2\/pages"}],"about":[{"href":"https:\/\/gdf-hessen.de\/index.php?rest_route=\/wp\/v2\/types\/page"}],"author":[{"embeddable":true,"href":"https:\/\/gdf-hessen.de\/index.php?rest_route=\/wp\/v2\/users\/1"}],"replies":[{"embeddable":true,"href":"https:\/\/gdf-hessen.de\/index.php?rest_route=%2Fwp%2Fv2%2Fcomments&post=57"}],"version-history":[{"count":7,"href":"https:\/\/gdf-hessen.de\/index.php?rest_route=\/wp\/v2\/pages\/57\/revisions"}],"predecessor-version":[{"id":3182,"href":"https:\/\/gdf-hessen.de\/index.php?rest_route=\/wp\/v2\/pages\/57\/revisions\/3182"}],"wp:attachment":[{"href":"https:\/\/gdf-hessen.de\/index.php?rest_route=%2Fwp%2Fv2%2Fmedia&parent=57"}],"curies":[{"name":"wp","href":"https:\/\/api.w.org\/{rel}","templated":true}]}}