{"id":1853,"date":"2020-04-22T17:54:33","date_gmt":"2020-04-22T15:54:33","guid":{"rendered":"https:\/\/gdf-hessen.de\/?page_id=1853"},"modified":"2025-07-13T09:55:20","modified_gmt":"2025-07-13T07:55:20","slug":"termine-2020","status":"publish","type":"page","link":"https:\/\/gdf-hessen.de\/?page_id=1853","title":{"rendered":"Termine 2025"},"content":{"rendered":"<p>[et_pb_section fb_built=&#8220;1&#8243; admin_label=&#8220;section&#8220; _builder_version=&#8220;4.16&#8243; global_colors_info=&#8220;{}&#8220;][et_pb_row admin_label=&#8220;row&#8220; _builder_version=&#8220;4.16&#8243; background_size=&#8220;initial&#8220; background_position=&#8220;top_left&#8220; background_repeat=&#8220;repeat&#8220; global_colors_info=&#8220;{}&#8220;][et_pb_column type=&#8220;4_4&#8243; _builder_version=&#8220;4.16&#8243; custom_padding=&#8220;|||&#8220; global_colors_info=&#8220;{}&#8220; custom_padding__hover=&#8220;|||&#8220;][et_pb_text admin_label=&#8220;Text&#8220; _builder_version=&#8220;4.27.4&#8243; global_colors_info=&#8220;{}&#8220;]<\/p>\n<p>Wir treffen uns in unserem Clubraum, Lindenkopfstrasse 13 &#8211; 65817 Eppstein um 19:30 Uhr alle 14 Tage &#8211;<br \/><strong>n\u00e4chster Treff ist am 24. Juli 2025<\/strong><\/p>\n<p>Unsere diesj\u00e4hrige Fotoreise wird uns nach Budapest f\u00fchren &#8211; genauer Termin wird noch bekanntgegeben.<\/p>\n<p>Es wird spannend &#8211;<br \/><span>Wie immer wird eine Pr\u00e4sentation auf unserer Webseite erfolgen.<\/span><\/p>\n<p>[\/et_pb_text][\/et_pb_column][\/et_pb_row][\/et_pb_section]<\/p>\n","protected":false},"excerpt":{"rendered":"<p>Wir treffen uns in unserem Clubraum, Lindenkopfstrasse 13 &#8211; 65817 Eppstein um 19:30 Uhr alle 14 Tage -n\u00e4chster Treff ist am 24. Juli 2025 Unsere diesj\u00e4hrige Fotoreise wird uns nach Budapest f\u00fchren &#8211; genauer Termin wird noch bekanntgegeben. Es wird spannend -Wie immer wird eine Pr\u00e4sentation auf unserer Webseite erfolgen.<\/p>\n","protected":false},"author":1,"featured_media":0,"parent":0,"menu_order":0,"comment_status":"closed","ping_status":"closed","template":"","meta":{"_et_pb_use_builder":"on","_et_pb_old_content":"","_et_gb_content_width":"","footnotes":""},"class_list":["post-1853","page","type-page","status-publish","hentry"],"_links":{"self":[{"href":"https:\/\/gdf-hessen.de\/index.php?rest_route=\/wp\/v2\/pages\/1853","targetHints":{"allow":["GET"]}}],"collection":[{"href":"https:\/\/gdf-hessen.de\/index.php?rest_route=\/wp\/v2\/pages"}],"about":[{"href":"https:\/\/gdf-hessen.de\/index.php?rest_route=\/wp\/v2\/types\/page"}],"author":[{"embeddable":true,"href":"https:\/\/gdf-hessen.de\/index.php?rest_route=\/wp\/v2\/users\/1"}],"replies":[{"embeddable":true,"href":"https:\/\/gdf-hessen.de\/index.php?rest_route=%2Fwp%2Fv2%2Fcomments&post=1853"}],"version-history":[{"count":20,"href":"https:\/\/gdf-hessen.de\/index.php?rest_route=\/wp\/v2\/pages\/1853\/revisions"}],"predecessor-version":[{"id":2774,"href":"https:\/\/gdf-hessen.de\/index.php?rest_route=\/wp\/v2\/pages\/1853\/revisions\/2774"}],"wp:attachment":[{"href":"https:\/\/gdf-hessen.de\/index.php?rest_route=%2Fwp%2Fv2%2Fmedia&parent=1853"}],"curies":[{"name":"wp","href":"https:\/\/api.w.org\/{rel}","templated":true}]}}