{"id":1595,"date":"2019-10-02T14:53:26","date_gmt":"2019-10-02T12:53:26","guid":{"rendered":"https:\/\/gdf-hessen.de\/wp\/?page_id=1595"},"modified":"2025-07-09T12:26:42","modified_gmt":"2025-07-09T10:26:42","slug":"alexander-saamer","status":"publish","type":"page","link":"https:\/\/gdf-hessen.de\/?page_id=1595","title":{"rendered":"Alexander Saamer"},"content":{"rendered":"<p>[et_pb_section fb_built=&#8220;1&#8243; _builder_version=&#8220;4.16&#8243; background_color=&#8220;#E7E6E2&#8243; global_colors_info=&#8220;{}&#8220;][et_pb_row _builder_version=&#8220;4.16&#8243; background_size=&#8220;initial&#8220; background_position=&#8220;top_left&#8220; background_repeat=&#8220;repeat&#8220; global_colors_info=&#8220;{}&#8220;][et_pb_column type=&#8220;4_4&#8243; _builder_version=&#8220;4.16&#8243; custom_padding=&#8220;|||&#8220; global_colors_info=&#8220;{}&#8220; custom_padding__hover=&#8220;|||&#8220;][et_pb_text admin_label=&#8220;Titel&#8220; _builder_version=&#8220;4.16&#8243; global_colors_info=&#8220;{}&#8220;]<\/p>\n<h1>Alexander Saamer<\/h1>\n<p>[\/et_pb_text][et_pb_text _builder_version=&#8220;4.16&#8243; background_size=&#8220;initial&#8220; background_position=&#8220;top_left&#8220; background_repeat=&#8220;repeat&#8220; global_colors_info=&#8220;{}&#8220;]<\/p>\n<p><img loading=\"lazy\" decoding=\"async\" src=\"https:\/\/gdf-hessen.de\/wp-content\/uploads\/2019\/10\/Alex_Saamer_D4_5728-150x150.jpg\" alt=\"\" class=\"wp-image-1598 alignleft size-thumbnail\" width=\"150\" height=\"150\" \/>Alexander Saamer,<\/p>\n<p>geboren 1970 in Frankfurt.<\/p>\n<p>Nach dem Abitur stieg er in die Firma seines Onkels die er dann sp\u00e4ter \u00fcbernahm.<\/p>\n<p>Die fotografischen Anf\u00e4nge lagen in den Bereichen Architektur- und Landschaftsfotografie, aber das Interesse wandelte und ver\u00e4nderte sich sehr schnell.<\/p>\n<p>Alexander Saamer ist seit 2018 Mitglied der Gesellschaft f\u00fcr digitale Fotografie e.V.<\/p>\n<p>email: a.saamer@mas-gmbh.eu<\/p>\n<p><img decoding=\"async\" id=\"pp-slideshow-1455804507\" class=\"pp-slideshow-placeholder pp-gallery-placeholder slideshow-1455804507 mceItem\" style=\"display: none;\" src=\"https:\/\/gdf-hessen.de\/content\/uploads\/pp\/placeholders\/slideshow-placeholder-1455804507.jpg\" alt=\"\" \/><\/p>\n<p>[\/et_pb_text][\/et_pb_column][\/et_pb_row][\/et_pb_section]<\/p>\n","protected":false},"excerpt":{"rendered":"<p>Alexander SaamerAlexander Saamer, geboren 1970 in Frankfurt. Nach dem Abitur stieg er in die Firma seines Onkels die er dann sp\u00e4ter \u00fcbernahm. Die fotografischen Anf\u00e4nge lagen in den Bereichen Architektur- und Landschaftsfotografie, aber das Interesse wandelte und ver\u00e4nderte sich sehr schnell. Alexander Saamer ist seit 2018 Mitglied der Gesellschaft f\u00fcr digitale Fotografie e.V. email: a.saamer@mas-gmbh.eu<\/p>\n","protected":false},"author":1,"featured_media":0,"parent":0,"menu_order":0,"comment_status":"closed","ping_status":"closed","template":"","meta":{"_et_pb_use_builder":"on","_et_pb_old_content":"","_et_gb_content_width":"","footnotes":""},"class_list":["post-1595","page","type-page","status-publish","hentry"],"_links":{"self":[{"href":"https:\/\/gdf-hessen.de\/index.php?rest_route=\/wp\/v2\/pages\/1595","targetHints":{"allow":["GET"]}}],"collection":[{"href":"https:\/\/gdf-hessen.de\/index.php?rest_route=\/wp\/v2\/pages"}],"about":[{"href":"https:\/\/gdf-hessen.de\/index.php?rest_route=\/wp\/v2\/types\/page"}],"author":[{"embeddable":true,"href":"https:\/\/gdf-hessen.de\/index.php?rest_route=\/wp\/v2\/users\/1"}],"replies":[{"embeddable":true,"href":"https:\/\/gdf-hessen.de\/index.php?rest_route=%2Fwp%2Fv2%2Fcomments&post=1595"}],"version-history":[{"count":5,"href":"https:\/\/gdf-hessen.de\/index.php?rest_route=\/wp\/v2\/pages\/1595\/revisions"}],"predecessor-version":[{"id":2759,"href":"https:\/\/gdf-hessen.de\/index.php?rest_route=\/wp\/v2\/pages\/1595\/revisions\/2759"}],"wp:attachment":[{"href":"https:\/\/gdf-hessen.de\/index.php?rest_route=%2Fwp%2Fv2%2Fmedia&parent=1595"}],"curies":[{"name":"wp","href":"https:\/\/api.w.org\/{rel}","templated":true}]}}