{"id":1553,"date":"2019-08-18T20:26:13","date_gmt":"2019-08-18T18:26:13","guid":{"rendered":"https:\/\/gdf-hessen.de\/wp\/?page_id=1553"},"modified":"2024-07-29T13:18:25","modified_gmt":"2024-07-29T11:18:25","slug":"wie-werde-ich-mitglied","status":"publish","type":"page","link":"https:\/\/gdf-hessen.de\/?page_id=1553","title":{"rendered":"Wie werde ich Mitglied"},"content":{"rendered":"<p>[et_pb_section fb_built=&#8220;1&#8243; _builder_version=&#8220;4.16&#8243; global_colors_info=&#8220;{}&#8220;][et_pb_row _builder_version=&#8220;4.16&#8243; global_colors_info=&#8220;{}&#8220;][et_pb_column type=&#8220;4_4&#8243; _builder_version=&#8220;4.16&#8243; global_colors_info=&#8220;{}&#8220;][et_pb_text admin_label=&#8220;Titel&#8220; _builder_version=&#8220;4.16&#8243; global_colors_info=&#8220;{}&#8220;]<\/p>\n<h1>Wie werden Sie Mitglied in der Gesellschaft digitale Fotografie e.V.<\/h1>\n<p>[\/et_pb_text][et_pb_text _builder_version=&#8220;4.27.0&#8243; hover_enabled=&#8220;0&#8243; global_colors_info=&#8220;{}&#8220; sticky_enabled=&#8220;0&#8243;]<\/p>\n<p><strong>Wer ist die Gesellschaft digitale Fotografie e.V. ?<\/strong><\/p>\n<p>Ambitionierte Fotoamateure und semiprofessionelle Fotografen haben sich in der Gesellschaft digitale Fotografie e.V. (GDF) zu einem Verein zusammengeschlossen.<span class=\"Apple-converted-space\"> <br \/><\/span>Die Mitglieder treffen sich 14-t\u00e4gig zu Schulungen, Austausch von Tipps und Erfahrungen, Vortr\u00e4gen und zu pers\u00f6nlichen Gespr\u00e4chen mit Gleichgesinnten.\u00a0<br \/>Nat\u00fcrlich soll auch die Geselligkeit nicht zu kurz kommen.<\/p>\n<p><strong>Was will die Gesellschaft digitale Fotografie e.V. ?<\/strong><\/p>\n<p>Die GDF hat sich zur Aufgabe gestellt, ihren Mitgliedern eine Plattform<span class=\"Apple-converted-space\">\u00a0<\/span>zu bieten, auf der sie ihr Wissen und ihre praktischen F\u00e4higkeiten auf den Gebieten der<span class=\"Apple-converted-space\">\u00a0<\/span><\/p>\n<p>&#8211; digitalen Fotografie,<br \/>&#8211; der digitalen Bildbearbeitung und<br \/>&#8211; der digitalen Bildpr\u00e4sentation<\/p>\n<p>verbessern k\u00f6nnen.<br \/>GDF will dazu beitragen, dass ihre Mitglieder ansprechende und aussagekr\u00e4ftige Fotos erstellen k\u00f6nnen und sie in der Lage sind, diese auch digital zu bearbeiten und auszudrucken.<span class=\"Apple-converted-space\">\u00a0<br \/><\/span>Durch Teilnahme an Wettbewerben und Ausstellungen und der Durchf\u00fchrung von Vortr\u00e4gen sollen die Ergebnisse auch in der \u00d6ffentlichkeit pr\u00e4sentiert werden.<\/p>\n<p><strong>Was tut die Gesellschaft digitale Fotografie e.V. f\u00fcr ihre Mitglieder ?<\/strong><\/p>\n<p>Im Rahmen der Clubabende werden Seminare und Workshops angeboten, die f\u00fcr die Mitglieder GDF kostenlos sind. Des Weiteren sind fotografische Exkursionen geplant.<br \/>Den Mitgliedern werden Einkaufsvorteile bei den F\u00f6rdermitgliedern (Firmen einschl\u00e4giger Branchen) einger\u00e4umt.<br \/>Dar\u00fcber hinaus k\u00f6nnen alle von der GDF angeschafften Ger\u00e4te kostenfrei<span class=\"Apple-converted-space\">\u00a0<\/span>benutzt werden. Es fallen lediglich etwaige Kosten f\u00fcr ben\u00f6tigte Verbrauchsmaterialien an.<br \/>G\u00e4ste, die an Veranstaltungen der GDF teilnehmen wollen, zahlen einen<span class=\"Apple-converted-space\">\u00a0<\/span>Kostenbeitrag der pro Veranstaltung festgelegt wird.<br \/>Die Mitglieder k\u00f6nnen die Bildergalerie im Webauftritt der GDF f\u00fcr ihre eigenen Bilder kostenfrei nutzen.<br \/>Au\u00dferdem steht den Mitgliedern eine eigene GDF Email-Adresse zur Verf\u00fcgung.<\/p>\n<p><strong>Wie werden Sie Mitglied in der Gesellschaft digitale Fotografie e.V.<\/strong><\/p>\n<p>Jeder ambitionierte Fotoamateur und semiprofessionelle Fotograf, die sonst nicht in der Fotobranche gewerblich t\u00e4tig sind, k\u00f6nnen<span class=\"Apple-converted-space\">\u00a0 <\/span>Mitglied in der GDF werden. \u00dcber die Aufnahme als Vollmitglied entscheidet der Vorstand. <span class=\"Apple-converted-space\">\u00a0<\/span><\/p>\n<p>Es besteht aber auch die M\u00f6glichkeit, der GDF als F\u00f6rdermitglied beizutreten. F\u00f6rdermitglieder (Firmen und Institutionen aus der Fotobranche) d\u00fcrfen allerdings kein Amt im Verein bekleiden und das Logo oder andere Zeichen der GDF nur mit dem Zusatz \u201cF\u00f6rdermitglied\u201c verwenden.<span class=\"Apple-converted-space\">\u00a0<\/span><\/p>\n<p>Sollte bei Ihnen Interesse an einer Mitgliedschaft in der Gesellschaft digitale Fotografie e.V. bestehen,<span class=\"Apple-converted-space\">\u00a0 <\/span>so f\u00fcllen Sie bitte das nachstehende Antragsformular aus.<\/p>\n<p>Die oben genannte Person beantragt hiermit die Aufnahme bei GDF.<br \/>Die Satzung wurde zur Kenntnis genommen. Bei Aufnahme wird diese ausgeh\u00e4ndigt.<br \/>Der Jahresmitgliedsbeitrag betr\u00e4gt 150,- EUR<br \/>Die einmalige Aufnahmegeb\u00fchr betr\u00e4gt 100,- EUR<\/p>\n<p>[\/et_pb_text][\/et_pb_column][\/et_pb_row][et_pb_row column_structure=&#8220;3_5,2_5&#8243; _builder_version=&#8220;4.16&#8243; global_colors_info=&#8220;{}&#8220;][et_pb_column type=&#8220;3_5&#8243; _builder_version=&#8220;4.16&#8243; global_colors_info=&#8220;{}&#8220;][et_pb_contact_form email=&#8220;info@gdf-hessen.de&#8220; custom_message=&#8220;Name: %%Name%%||et_pb_line_break_holder||Vorname: %%Vorname%%||et_pb_line_break_holder||E-Mail: %%Email%%||et_pb_line_break_holder||||et_pb_line_break_holder||Nachricht:||et_pb_line_break_holder||%%Nachricht%%&#8220; success_message=&#8220;Danke. Ihre Nachricht wurde versendet.&#8220; submit_button_text=&#8220;Anfrage absenden&#8220; _builder_version=&#8220;4.16&#8243; _unique_id=&#8220;46474521-36a1-4663-ab9e-4ad0a28326fd&#8220; form_field_background_color=&#8220;#d6d6d6&#8243; form_field_text_color=&#8220;#000000&#8243; form_field_focus_background_color=&#8220;#fdc481&#8243; custom_button=&#8220;on&#8220; button_text_color=&#8220;#fdc481&#8243; button_bg_color=&#8220;rgba(51,51,51,0.8)&#8220; button_border_width=&#8220;1px&#8220; button_use_icon=&#8220;off&#8220; global_colors_info=&#8220;{}&#8220;][et_pb_contact_field field_id=&#8220;Name&#8220; field_title=&#8220;Name&#8220; _builder_version=&#8220;4.16&#8243; global_colors_info=&#8220;{}&#8220; button_text_size__hover_enabled=&#8220;off&#8220; button_one_text_size__hover_enabled=&#8220;off&#8220; button_two_text_size__hover_enabled=&#8220;off&#8220; button_text_color__hover_enabled=&#8220;off&#8220; button_one_text_color__hover_enabled=&#8220;off&#8220; button_two_text_color__hover_enabled=&#8220;off&#8220; button_border_width__hover_enabled=&#8220;off&#8220; button_one_border_width__hover_enabled=&#8220;off&#8220; button_two_border_width__hover_enabled=&#8220;off&#8220; button_border_color__hover_enabled=&#8220;off&#8220; button_one_border_color__hover_enabled=&#8220;off&#8220; button_two_border_color__hover_enabled=&#8220;off&#8220; button_border_radius__hover_enabled=&#8220;off&#8220; button_one_border_radius__hover_enabled=&#8220;off&#8220; button_two_border_radius__hover_enabled=&#8220;off&#8220; button_letter_spacing__hover_enabled=&#8220;off&#8220; button_one_letter_spacing__hover_enabled=&#8220;off&#8220; button_two_letter_spacing__hover_enabled=&#8220;off&#8220; button_bg_color__hover_enabled=&#8220;off&#8220; button_one_bg_color__hover_enabled=&#8220;off&#8220; button_two_bg_color__hover_enabled=&#8220;off&#8220;][\/et_pb_contact_field][et_pb_contact_field field_id=&#8220;Vorname&#8220; field_title=&#8220;Vorname&#8220; _builder_version=&#8220;4.16&#8243; global_colors_info=&#8220;{}&#8220; button_text_size__hover_enabled=&#8220;off&#8220; button_one_text_size__hover_enabled=&#8220;off&#8220; button_two_text_size__hover_enabled=&#8220;off&#8220; button_text_color__hover_enabled=&#8220;off&#8220; button_one_text_color__hover_enabled=&#8220;off&#8220; button_two_text_color__hover_enabled=&#8220;off&#8220; button_border_width__hover_enabled=&#8220;off&#8220; button_one_border_width__hover_enabled=&#8220;off&#8220; button_two_border_width__hover_enabled=&#8220;off&#8220; button_border_color__hover_enabled=&#8220;off&#8220; button_one_border_color__hover_enabled=&#8220;off&#8220; button_two_border_color__hover_enabled=&#8220;off&#8220; button_border_radius__hover_enabled=&#8220;off&#8220; button_one_border_radius__hover_enabled=&#8220;off&#8220; button_two_border_radius__hover_enabled=&#8220;off&#8220; button_letter_spacing__hover_enabled=&#8220;off&#8220; button_one_letter_spacing__hover_enabled=&#8220;off&#8220; button_two_letter_spacing__hover_enabled=&#8220;off&#8220; button_bg_color__hover_enabled=&#8220;off&#8220; button_one_bg_color__hover_enabled=&#8220;off&#8220; button_two_bg_color__hover_enabled=&#8220;off&#8220;][\/et_pb_contact_field][et_pb_contact_field field_id=&#8220;Email&#8220; field_title=&#8220;E-Mail-Adresse&#8220; field_type=&#8220;email&#8220; _builder_version=&#8220;4.16&#8243; global_colors_info=&#8220;{}&#8220; button_text_size__hover_enabled=&#8220;off&#8220; button_one_text_size__hover_enabled=&#8220;off&#8220; button_two_text_size__hover_enabled=&#8220;off&#8220; button_text_color__hover_enabled=&#8220;off&#8220; button_one_text_color__hover_enabled=&#8220;off&#8220; button_two_text_color__hover_enabled=&#8220;off&#8220; button_border_width__hover_enabled=&#8220;off&#8220; button_one_border_width__hover_enabled=&#8220;off&#8220; button_two_border_width__hover_enabled=&#8220;off&#8220; button_border_color__hover_enabled=&#8220;off&#8220; button_one_border_color__hover_enabled=&#8220;off&#8220; button_two_border_color__hover_enabled=&#8220;off&#8220; button_border_radius__hover_enabled=&#8220;off&#8220; button_one_border_radius__hover_enabled=&#8220;off&#8220; button_two_border_radius__hover_enabled=&#8220;off&#8220; button_letter_spacing__hover_enabled=&#8220;off&#8220; button_one_letter_spacing__hover_enabled=&#8220;off&#8220; button_two_letter_spacing__hover_enabled=&#8220;off&#8220; button_bg_color__hover_enabled=&#8220;off&#8220; button_one_bg_color__hover_enabled=&#8220;off&#8220; button_two_bg_color__hover_enabled=&#8220;off&#8220;][\/et_pb_contact_field][et_pb_contact_field field_id=&#8220;Nachricht&#8220; field_title=&#8220;Nachricht&#8220; field_type=&#8220;text&#8220; fullwidth_field=&#8220;on&#8220; _builder_version=&#8220;4.16&#8243; global_colors_info=&#8220;{}&#8220; button_text_size__hover_enabled=&#8220;off&#8220; button_one_text_size__hover_enabled=&#8220;off&#8220; button_two_text_size__hover_enabled=&#8220;off&#8220; button_text_color__hover_enabled=&#8220;off&#8220; button_one_text_color__hover_enabled=&#8220;off&#8220; button_two_text_color__hover_enabled=&#8220;off&#8220; button_border_width__hover_enabled=&#8220;off&#8220; button_one_border_width__hover_enabled=&#8220;off&#8220; button_two_border_width__hover_enabled=&#8220;off&#8220; button_border_color__hover_enabled=&#8220;off&#8220; button_one_border_color__hover_enabled=&#8220;off&#8220; button_two_border_color__hover_enabled=&#8220;off&#8220; button_border_radius__hover_enabled=&#8220;off&#8220; button_one_border_radius__hover_enabled=&#8220;off&#8220; button_two_border_radius__hover_enabled=&#8220;off&#8220; button_letter_spacing__hover_enabled=&#8220;off&#8220; button_one_letter_spacing__hover_enabled=&#8220;off&#8220; button_two_letter_spacing__hover_enabled=&#8220;off&#8220; button_bg_color__hover_enabled=&#8220;off&#8220; button_one_bg_color__hover_enabled=&#8220;off&#8220; button_two_bg_color__hover_enabled=&#8220;off&#8220;][\/et_pb_contact_field][\/et_pb_contact_form][\/et_pb_column][et_pb_column type=&#8220;2_5&#8243; _builder_version=&#8220;4.16&#8243; global_colors_info=&#8220;{}&#8220;][et_pb_text _builder_version=&#8220;4.16&#8243; global_colors_info=&#8220;{}&#8220;]<\/p>\n<h2>Datenschutzhinweise<\/h2>\n<p>&nbsp;<\/p>\n<p>[\/et_pb_text][\/et_pb_column][\/et_pb_row][\/et_pb_section]<\/p>\n","protected":false},"excerpt":{"rendered":"<p>Wie werden Sie Mitglied in der Gesellschaft digitale Fotografie e.V.Wer ist die Gesellschaft digitale Fotografie e.V. ? Ambitionierte Fotoamateure und semiprofessionelle Fotografen haben sich in der Gesellschaft digitale Fotografie e.V. (GDF) zu einem Verein zusammengeschlossen. Die Mitglieder treffen sich 14-t\u00e4gig zu Schulungen, Austausch von Tipps und Erfahrungen, Vortr\u00e4gen und zu pers\u00f6nlichen Gespr\u00e4chen mit Gleichgesinnten.\u00a0Nat\u00fcrlich soll [&hellip;]<\/p>\n","protected":false},"author":1,"featured_media":0,"parent":13,"menu_order":1,"comment_status":"closed","ping_status":"closed","template":"","meta":{"_et_pb_use_builder":"on","_et_pb_old_content":"","_et_gb_content_width":"","footnotes":""},"class_list":["post-1553","page","type-page","status-publish","hentry"],"_links":{"self":[{"href":"https:\/\/gdf-hessen.de\/index.php?rest_route=\/wp\/v2\/pages\/1553","targetHints":{"allow":["GET"]}}],"collection":[{"href":"https:\/\/gdf-hessen.de\/index.php?rest_route=\/wp\/v2\/pages"}],"about":[{"href":"https:\/\/gdf-hessen.de\/index.php?rest_route=\/wp\/v2\/types\/page"}],"author":[{"embeddable":true,"href":"https:\/\/gdf-hessen.de\/index.php?rest_route=\/wp\/v2\/users\/1"}],"replies":[{"embeddable":true,"href":"https:\/\/gdf-hessen.de\/index.php?rest_route=%2Fwp%2Fv2%2Fcomments&post=1553"}],"version-history":[{"count":7,"href":"https:\/\/gdf-hessen.de\/index.php?rest_route=\/wp\/v2\/pages\/1553\/revisions"}],"predecessor-version":[{"id":2491,"href":"https:\/\/gdf-hessen.de\/index.php?rest_route=\/wp\/v2\/pages\/1553\/revisions\/2491"}],"up":[{"embeddable":true,"href":"https:\/\/gdf-hessen.de\/index.php?rest_route=\/wp\/v2\/pages\/13"}],"wp:attachment":[{"href":"https:\/\/gdf-hessen.de\/index.php?rest_route=%2Fwp%2Fv2%2Fmedia&parent=1553"}],"curies":[{"name":"wp","href":"https:\/\/api.w.org\/{rel}","templated":true}]}}