{"id":13,"date":"2015-04-08T22:54:28","date_gmt":"2015-04-08T20:54:28","guid":{"rendered":"https:\/\/gdf-hessen.de\/wp\/?page_id=13"},"modified":"2019-08-18T20:24:25","modified_gmt":"2019-08-18T18:24:25","slug":"ueber-uns","status":"publish","type":"page","link":"https:\/\/gdf-hessen.de\/?page_id=13","title":{"rendered":"\u00dcber uns"},"content":{"rendered":"<p>[et_pb_section bb_built=&#8220;1&#8243;][et_pb_row][et_pb_column type=&#8220;4_4&#8243;][et_pb_text]<\/p>\n<div class=\"inside\">\n<div id=\"der-verein\" class=\"mod_article block\">\n<div class=\"ce_text block\">\n<h1>Wer ist die Gesellschaft digitale Fotografie?<\/h1>\n<p>Ambitionierte Fotoamateure und semiprofessionelle Fotografen haben sich in der Gesellschaft digitale Fotografie e.V. (GDF) zu einem Verein zusammengeschlossen. Die Mitglieder treffen sich w\u00f6chentlich zu Schulungen, Austausch von Tipps und Erfahrungen, Vortr\u00e4gen und zu pers\u00f6nlichen Gespr\u00e4chen mit Gleichgesinnten. Nat\u00fcrlich soll auch die Geselligkeit nicht zu kurz kommen.<\/p>\n<h2>Was will die Gesellschaft digitale Fotografie?<\/h2>\n<p>Die gdf-hessen hat sich zur Aufgabe gestellt, ihren Mitgliedern eine Plattform zu bieten, auf der sie ihr Wissen und ihre praktischen F\u00e4higkeiten auf den Gebieten der<\/p>\n<ul>\n<li>digitalen Fotografie,<\/li>\n<li>der digitalen Bildbearbeitung und<\/li>\n<li>der digitalen Bildpr\u00e4sentation<\/li>\n<\/ul>\n<p>verbessern k\u00f6nnen.<\/p>\n<p>gdf-hessen will dazu beitragen, dass ihre Mitglieder ansprechende und aussagekr\u00e4ftige Fotos erstellen k\u00f6nnen und sie in der Lage sind, diese auch digital zu bearbeiten und auszudrucken. Durch Teilnahme an Wettbewerben und Ausstellungen und der Durchf\u00fchrung von Vortr\u00e4gen sollen die Ergebnisse auch in der \u00d6ffentlichkeit pr\u00e4sentiert werden.<\/p>\n<h2>Was tut die Gesellschaft digitale Fotografie f\u00fcr ihre Mitglieder ?<\/h2>\n<p>Im Rahmen der Clubabende werden Seminare und Workshops angeboten, die f\u00fcr die Mitglieder gdf-hessen kostenlos sind. Des Weiteren sind fotografische Exkursionen geplant. Den Mitgliedern werden Einkaufsvorteile bei den F\u00f6rdermitgliedern (Firmen einschl\u00e4giger Branchen) einger\u00e4umt.<\/p>\n<p>Dar\u00fcber hinaus k\u00f6nnen alle von der GDF e.V. angeschafften Ger\u00e4te kostenfrei benutzt werden. Es fallen lediglich etwaige Kosten f\u00fcr ben\u00f6tigte Verbrauchsmaterialien an. G\u00e4ste, die an Veranstaltungen der GDF e.V. teilnehmen wollen, zahlen einen Kostenbeitrag, der pro Veranstaltung festgelegt wird. Die Mitglieder k\u00f6nnen die Bildergalerie im Webauftritt der GDF e.V. f\u00fcr ihre eigenen Bilder verwenden.<\/p>\n<\/div>\n<\/div>\n<\/div>\n<p>[\/et_pb_text][\/et_pb_column][\/et_pb_row][\/et_pb_section]<\/p>\n","protected":false},"excerpt":{"rendered":"<p><div class=\"et_pb_row et_pb_row_0 et_pb_row_empty\">\n\t\t\t\t\n\t\t\t\t\n\t\t\t\t\n\t\t\t\t\n\t\t\t\t\n\t\t\t<\/div><div class=\"et_pb_module et_pb_text et_pb_text_0  et_pb_text_align_left et_pb_bg_layout_light\">\n\t\t\t\t\n\t\t\t\t\n\t\t\t\t\n\t\t\t\t\n\t\t\t\t\n\t\t\t<\/div> Wer ist die Gesellschaft digitale Fotografie? Ambitionierte Fotoamateure und semiprofessionelle Fotografen haben sich in der Gesellschaft digitale Fotografie e.V. (GDF) zu einem Verein zusammengeschlossen. Die Mitglieder treffen sich w\u00f6chentlich zu Schulungen, Austausch von Tipps und Erfahrungen, Vortr\u00e4gen und zu pers\u00f6nlichen Gespr\u00e4chen mit Gleichgesinnten. Nat\u00fcrlich soll auch die Geselligkeit nicht zu kurz kommen. Was will [&hellip;]<\/p>\n","protected":false},"author":1,"featured_media":0,"parent":0,"menu_order":0,"comment_status":"open","ping_status":"open","template":"","meta":{"_et_pb_use_builder":"on","_et_pb_old_content":"<div class=\"inside\"><div id=\"der-verein\" class=\"mod_article block\"><div class=\"ce_text block\"><h1>Wer ist die Gesellschaft digitale Fotografie?<\/h1><p>Ambitionierte Fotoamateure und semiprofessionelle Fotografen haben sich in der Gesellschaft digitale Fotografie e.V. (GDF) zu einem Verein zusammengeschlossen. Die Mitglieder treffen sich w\u00f6chentlich zu Schulungen, Austausch von Tipps und Erfahrungen, Vortr\u00e4gen und zu pers\u00f6nlichen Gespr\u00e4chen mit Gleichgesinnten. Nat\u00fcrlich soll auch die Geselligkeit nicht zu kurz kommen.<\/p><h2>Was will die Gesellschaft digitale Fotografie?<\/h2><p>Die gdf-hessen hat sich zur Aufgabe gestellt, ihren Mitgliedern eine Plattform zu bieten, auf der sie ihr Wissen und ihre praktischen F\u00e4higkeiten auf den Gebieten der<\/p><ul><li>digitalen Fotografie,<\/li><li>der digitalen Bildbearbeitung und<\/li><li>der digitalen Bildpr\u00e4sentation<\/li><\/ul><p>verbessern k\u00f6nnen.<\/p><p>gdf-hessen will dazu beitragen, dass ihre Mitglieder ansprechende und aussagekr\u00e4ftige Fotos erstellen k\u00f6nnen und sie in der Lage sind, diese auch digital zu bearbeiten und auszudrucken. Durch Teilnahme an Wettbewerben und Ausstellungen und der Durchf\u00fchrung von Vortr\u00e4gen sollen die Ergebnisse auch in der \u00d6ffentlichkeit pr\u00e4sentiert werden.<\/p><h2>Was tut die Gesellschaft digitale Fotografie f\u00fcr ihre Mitglieder ?<\/h2><p>Im Rahmen der Clubabende werden Seminare und Workshops angeboten, die f\u00fcr die Mitglieder gdf-hessen kostenlos sind. Des Weiteren sind fotografische Exkursionen geplant. Den Mitgliedern werden Einkaufsvorteile bei den F\u00f6rdermitgliedern (Firmen einschl\u00e4giger Branchen) einger\u00e4umt.<\/p><p>Dar\u00fcber hinaus k\u00f6nnen alle von der GDF e.V. angeschafften Ger\u00e4te kostenfrei benutzt werden. Es fallen lediglich etwaige Kosten f\u00fcr ben\u00f6tigte Verbrauchsmaterialien an. G\u00e4ste, die an Veranstaltungen der GDF e.V. teilnehmen wollen, zahlen einen Kostenbeitrag, der pro Veranstaltung festgelegt wird. Die Mitglieder k\u00f6nnen die Bildergalerie im Webauftritt der GDF e.V. f\u00fcr ihre eigenen Bilder verwenden.<\/p><\/div><\/div><\/div>","_et_gb_content_width":"","footnotes":""},"class_list":["post-13","page","type-page","status-publish","hentry"],"_links":{"self":[{"href":"https:\/\/gdf-hessen.de\/index.php?rest_route=\/wp\/v2\/pages\/13","targetHints":{"allow":["GET"]}}],"collection":[{"href":"https:\/\/gdf-hessen.de\/index.php?rest_route=\/wp\/v2\/pages"}],"about":[{"href":"https:\/\/gdf-hessen.de\/index.php?rest_route=\/wp\/v2\/types\/page"}],"author":[{"embeddable":true,"href":"https:\/\/gdf-hessen.de\/index.php?rest_route=\/wp\/v2\/users\/1"}],"replies":[{"embeddable":true,"href":"https:\/\/gdf-hessen.de\/index.php?rest_route=%2Fwp%2Fv2%2Fcomments&post=13"}],"version-history":[{"count":1,"href":"https:\/\/gdf-hessen.de\/index.php?rest_route=\/wp\/v2\/pages\/13\/revisions"}],"predecessor-version":[{"id":1552,"href":"https:\/\/gdf-hessen.de\/index.php?rest_route=\/wp\/v2\/pages\/13\/revisions\/1552"}],"wp:attachment":[{"href":"https:\/\/gdf-hessen.de\/index.php?rest_route=%2Fwp%2Fv2%2Fmedia&parent=13"}],"curies":[{"name":"wp","href":"https:\/\/api.w.org\/{rel}","templated":true}]}}